{"id":467,"date":"2023-09-18T17:16:40","date_gmt":"2023-09-18T15:16:40","guid":{"rendered":"http:\/\/ystadsjohistoriska.se\/?page_id=467"},"modified":"2025-04-27T16:33:45","modified_gmt":"2025-04-27T14:33:45","slug":"kalla-kriget","status":"publish","type":"page","link":"http:\/\/ystadsjohistoriska.se\/?page_id=467","title":{"rendered":"Kalla kriget"},"content":{"rendered":"\n<blockquote class=\"wp-block-quote\">\n<p>Sydkusten har varit en strategiskt viktig del av Sverige, inte minst under det kalla krigets dagar. L\u00e4s om den sp\u00e4nnande historien h\u00e4r.<\/p>\n<\/blockquote>\n\n\n\n<p>PDF:<\/p>\n\n\n\n<p><a rel=\"noreferrer noopener\" href=\"http:\/\/ystadsjohistoriska.se\/wp-content\/uploads\/2023\/09\/Kalla-kriget.pdf\" data-type=\"link\" data-id=\"http:\/\/ystadsjohistoriska.se\/wp-content\/uploads\/2023\/09\/Kalla-kriget.pdf\" target=\"_blank\">L\u00e4s mer om Kalla Kriget<\/a><\/p>\n","protected":false},"excerpt":{"rendered":"<p>Sydkusten har varit en strategiskt viktig del av Sverige, inte minst under det kalla krigets dagar. L\u00e4s om den sp\u00e4nnande historien h\u00e4r. PDF: L\u00e4s mer om Kalla Kriget<\/p>\n","protected":false},"author":1,"featured_media":0,"parent":0,"menu_order":0,"comment_status":"closed","ping_status":"closed","template":"","meta":{"footnotes":""},"_links":{"self":[{"href":"http:\/\/ystadsjohistoriska.se\/index.php?rest_route=\/wp\/v2\/pages\/467"}],"collection":[{"href":"http:\/\/ystadsjohistoriska.se\/index.php?rest_route=\/wp\/v2\/pages"}],"about":[{"href":"http:\/\/ystadsjohistoriska.se\/index.php?rest_route=\/wp\/v2\/types\/page"}],"author":[{"embeddable":true,"href":"http:\/\/ystadsjohistoriska.se\/index.php?rest_route=\/wp\/v2\/users\/1"}],"replies":[{"embeddable":true,"href":"http:\/\/ystadsjohistoriska.se\/index.php?rest_route=%2Fwp%2Fv2%2Fcomments&post=467"}],"version-history":[{"count":7,"href":"http:\/\/ystadsjohistoriska.se\/index.php?rest_route=\/wp\/v2\/pages\/467\/revisions"}],"predecessor-version":[{"id":513,"href":"http:\/\/ystadsjohistoriska.se\/index.php?rest_route=\/wp\/v2\/pages\/467\/revisions\/513"}],"wp:attachment":[{"href":"http:\/\/ystadsjohistoriska.se\/index.php?rest_route=%2Fwp%2Fv2%2Fmedia&parent=467"}],"curies":[{"name":"wp","href":"https:\/\/api.w.org\/{rel}","templated":true}]}}