{"id":14,"date":"2013-10-13T10:55:21","date_gmt":"2013-10-13T08:55:21","guid":{"rendered":"http:\/\/ystadsjohistoriska.se\/?page_id=14"},"modified":"2025-04-27T17:30:52","modified_gmt":"2025-04-27T15:30:52","slug":"batar","status":"publish","type":"page","link":"https:\/\/ystadsjohistoriska.se\/?page_id=14","title":{"rendered":"Om oss"},"content":{"rendered":"<p>Sj\u00f6historiska f\u00f6reningen i Ystad \u00e4r en ideell, allm\u00e4nnyttig f\u00f6rening som best\u00e5r av entusiaster fr\u00e5n sj\u00f6fartsn\u00e4ringen, nu verksamma eller f\u00f6re detta. Vi v\u00e4lkomnar dock nya medlemmar!<\/p>\n<p>Ystad hamn \u00e4r privilegierad med flera sp\u00e4nnande attraktioner, som hittills f\u00f6rt en n\u00e5got bortgl\u00f6md tillvaro. Genom att samla entusiasm och kompetens vill vi p\u00e5 frivillig basis svara f\u00f6r \u00e5terst\u00e4llning och underh\u00e5ll av den gamla fyren, pegelhuset med mareograf och en lokal d\u00e4r vi kan samla sj\u00f6historiska f\u00f6rem\u00e5l, f\u00f6r att detta ska kunna visas f\u00f6r allm\u00e4nheten.<a href=\"http:\/\/ystadsjohistoriska.se\/wp-content\/uploads\/2013\/10\/Bild-2441.jpg\"><img decoding=\"async\" loading=\"lazy\" class=\"alignright size-medium wp-image-50\" src=\"http:\/\/ystadsjohistoriska.se\/wp-content\/uploads\/2013\/10\/Bild-2441-159x300.jpg\" alt=\"Bild (244)\" width=\"159\" height=\"300\" \/><\/a><span style=\"color: #0000ee;\"><span style=\"color: #333333;\"><br \/>\nEtt annat av f\u00f6reningens syften \u00e4r att samla in och dokumentera sj\u00f6relaterad historia fr\u00e5n v\u00e5rt omr\u00e5de.<\/span><\/span><\/p>\n<p>Tack till Ystads Fornminnesf\u00f6rening, som l\u00e5tit oss anv\u00e4nda bilder ur arkivet; flera av fotona h\u00e4r p\u00e5 webbplatsen kommer d\u00e4rifr\u00e5n.<\/p>\n<p>Finansieringen sker genom visningsavgifter, medlemsavgifter, sponsring och donationer. Vi str\u00e4var efter att bli fler medlemmar, och v\u00e4lkomnar s\u00e4rskilt ungdomar och kvinnor\u00a0att vara med i det h\u00e4r<br \/>\nkulturhistoriska projektet.<br \/>\nF\u00f6reningen \u00e4r medlem i Svenska Fyrs\u00e4llskapet.<\/p>\n<p>Kontakt Ordf\u00f6rande Fleming Eklund<\/p>\n<p>Tel 0705180671<br \/>\nOrg.nr 802475-2928 Svartgr\u00e4nd 2c. 27143 Ystad<br \/>\nBankgiro 511-9979\u00a0 Swish 1230724666<\/p>\n<p><a href=\"http:\/\/ystadsjohistoriska.se\/wp-content\/uploads\/2013\/10\/Stadgar-f\u00f6r-Sj\u00f6historiska-f\u00f6reningen-i-Ystad-.pdf\">\u00a0<\/a><\/p>\n","protected":false},"excerpt":{"rendered":"<p>Sj\u00f6historiska f\u00f6reningen i Ystad \u00e4r en ideell, allm\u00e4nnyttig f\u00f6rening som best\u00e5r av entusiaster fr\u00e5n sj\u00f6fartsn\u00e4ringen, nu verksamma eller f\u00f6re detta. Vi v\u00e4lkomnar dock nya medlemmar! Ystad hamn \u00e4r privilegierad med flera sp\u00e4nnande attraktioner, som hittills f\u00f6rt en n\u00e5got bortgl\u00f6md tillvaro.<span class=\"ellipsis\">&hellip;<\/span><\/p>\n<div class=\"read-more\"><a href=\"https:\/\/ystadsjohistoriska.se\/?page_id=14\">L\u00e4s mer &#8250;<\/a><\/div>\n<p><!-- end of .read-more --><\/p>\n","protected":false},"author":1,"featured_media":0,"parent":0,"menu_order":0,"comment_status":"closed","ping_status":"closed","template":"full-width-page.php","meta":{"footnotes":""},"_links":{"self":[{"href":"https:\/\/ystadsjohistoriska.se\/index.php?rest_route=\/wp\/v2\/pages\/14"}],"collection":[{"href":"https:\/\/ystadsjohistoriska.se\/index.php?rest_route=\/wp\/v2\/pages"}],"about":[{"href":"https:\/\/ystadsjohistoriska.se\/index.php?rest_route=\/wp\/v2\/types\/page"}],"author":[{"embeddable":true,"href":"https:\/\/ystadsjohistoriska.se\/index.php?rest_route=\/wp\/v2\/users\/1"}],"replies":[{"embeddable":true,"href":"https:\/\/ystadsjohistoriska.se\/index.php?rest_route=%2Fwp%2Fv2%2Fcomments&post=14"}],"version-history":[{"count":19,"href":"https:\/\/ystadsjohistoriska.se\/index.php?rest_route=\/wp\/v2\/pages\/14\/revisions"}],"predecessor-version":[{"id":530,"href":"https:\/\/ystadsjohistoriska.se\/index.php?rest_route=\/wp\/v2\/pages\/14\/revisions\/530"}],"wp:attachment":[{"href":"https:\/\/ystadsjohistoriska.se\/index.php?rest_route=%2Fwp%2Fv2%2Fmedia&parent=14"}],"curies":[{"name":"wp","href":"https:\/\/api.w.org\/{rel}","templated":true}]}}