{"id":228,"date":"2014-07-08T20:18:11","date_gmt":"2014-07-08T18:18:11","guid":{"rendered":"http:\/\/ystadsjohistoriska.se\/?page_id=228"},"modified":"2025-05-22T10:33:51","modified_gmt":"2025-05-22T08:33:51","slug":"fyrens-historia","status":"publish","type":"page","link":"https:\/\/ystadsjohistoriska.se\/?page_id=228","title":{"rendered":"Fyrens historia"},"content":{"rendered":"<p><a href=\"http:\/\/ystadsjohistoriska.se\/wp-content\/uploads\/2014\/07\/Gamla-fyren1.jpg\"><img decoding=\"async\" loading=\"lazy\" class=\"alignright size-full wp-image-230\" src=\"http:\/\/ystadsjohistoriska.se\/wp-content\/uploads\/2014\/07\/Gamla-fyren1.jpg\" alt=\"Gamla fyren\" width=\"305\" height=\"195\" srcset=\"https:\/\/ystadsjohistoriska.se\/wp-content\/uploads\/2014\/07\/Gamla-fyren1.jpg 305w, https:\/\/ystadsjohistoriska.se\/wp-content\/uploads\/2014\/07\/Gamla-fyren1-300x191.jpg 300w\" sizes=\"(max-width: 305px) 100vw, 305px\" \/><\/a>F\u00f6re mitten av 1800-talet fanns det inte mycket nautiska hj\u00e4lpmedel i hamnen. Postverket som trafikerade str\u00e4ckan Stralsund \u2013 Ystad hade tv\u00e5 lyktor som t\u00e4ndes i samband med postb\u00e5tens ankomst, men eftersom lyktorna kunde f\u00f6rv\u00e4xlas med andra ljus s\u00e5 beg\u00e4rde man en b\u00e4ttre hamnfyr.<\/p>\n<p>1847 byggde Lotsverket tv\u00e5 tr\u00e4fyrar; en yttre fyr p\u00e5 yttersta piren som visade r\u00f6tt sken, och en inre bakom j\u00e4rnv\u00e4gsstationen som visade vitt sken. B\u00e5da eldades med en slags rapsolja som kallades rovolja. Lotsverket k\u00f6pte \u00e4ven ett bostadshus i staden f\u00f6r fyrpersonalen.<\/p>\n<p>1865 revs den inre tr\u00e4fyren eftersom man beh\u00f6vde mer plats f\u00f6r j\u00e4rnv\u00e4gsbang\u00e5rden. Den ersattes av en \u00e5ttakantig j\u00e4rnfyr, byggd av fyringenj\u00f6r Gellerstedt.<\/p>\n<p>&nbsp;<\/p>\n<p style=\"text-align: center;\"><a href=\"http:\/\/ystadsjohistoriska.se\/wp-content\/uploads\/2014\/07\/Fyrflytt.jpg\"><img decoding=\"async\" loading=\"lazy\" class=\"size-large wp-image-233 aligncenter\" src=\"http:\/\/ystadsjohistoriska.se\/wp-content\/uploads\/2014\/07\/Fyrflytt-744x1024.jpg\" alt=\"Fyrflytt\" width=\"550\" height=\"756\" srcset=\"https:\/\/ystadsjohistoriska.se\/wp-content\/uploads\/2014\/07\/Fyrflytt-744x1024.jpg 744w, https:\/\/ystadsjohistoriska.se\/wp-content\/uploads\/2014\/07\/Fyrflytt-218x300.jpg 218w, https:\/\/ystadsjohistoriska.se\/wp-content\/uploads\/2014\/07\/Fyrflytt.jpg 1233w\" sizes=\"(max-width: 550px) 100vw, 550px\" \/><\/a><\/p>\n<p>&nbsp;<\/p>\n<p>Samma \u00e5r fast n\u00e5got senare byggde Ystad-Esl\u00f6vs-j\u00e4rnv\u00e4gen ett nytt godsmagasin, som skymde fyren fr\u00e5n hamnen. D\u00e5 beslutade man att flytta den nybyggda fyren till andra sidan magsinet.<br \/>\nDenna komplicerade operation gick till s\u00e5 att man gr\u00e4vde ett h\u00e5l under fyren och lade sedan ut j\u00e4rnv\u00e4gssp\u00e5r p\u00e5 marken hela v\u00e4gen fram till den nya platsen. Med hj\u00e4lp av lokomotivdomkrafter fick man upp den p\u00e5 en j\u00e4rnv\u00e4gsvagn, och flyttade p\u00e5 s\u00e5 s\u00e4tt fyren fr\u00e5n platsen d\u00e4r den byggdes, till sin nya plats d\u00e4r den st\u00e5r \u00e4n i dag. Under hela flytten stod projektledaren Gellerstedt uppe p\u00e5 fyrbalkongen och dirigerade sina mannar i arbetet.<\/p>\n<p>Fyren kom p\u00e5 plats 1866. Den \u00e4r placerad p\u00e5 \u00e5tta jordskruvar, d.v.s. skruvar av j\u00e4rn nerskruvade i marken, en i varje h\u00f6rn.<\/p>\n<p>&nbsp;<\/p>\n<p style=\"text-align: center;\"><a href=\"http:\/\/ystadsjohistoriska.se\/wp-content\/uploads\/2014\/07\/Fyren-p\u00e5-nya-platsen.jpg\"><img decoding=\"async\" loading=\"lazy\" class=\"aligncenter size-large wp-image-238\" src=\"http:\/\/ystadsjohistoriska.se\/wp-content\/uploads\/2014\/07\/Fyren-p\u00e5-nya-platsen-1024x697.jpg\" alt=\"Fyren p\u00e5 nya platsen\" width=\"550\" height=\"374\" srcset=\"https:\/\/ystadsjohistoriska.se\/wp-content\/uploads\/2014\/07\/Fyren-p\u00e5-nya-platsen-1024x697.jpg 1024w, https:\/\/ystadsjohistoriska.se\/wp-content\/uploads\/2014\/07\/Fyren-p\u00e5-nya-platsen-300x204.jpg 300w\" sizes=\"(max-width: 550px) 100vw, 550px\" \/><\/a><em>Fyren p\u00e5 sin nya plats framf\u00f6r j\u00e4rnv\u00e4gsmagasinet.<\/em><\/p>\n<p>\u00a0<a href=\"http:\/\/ystadsjohistoriska.se\/wp-content\/uploads\/2013\/11\/angbat-i-ystad-hamn.jpg\"><img decoding=\"async\" loading=\"lazy\" class=\"aligncenter size-full wp-image-76\" src=\"http:\/\/ystadsjohistoriska.se\/wp-content\/uploads\/2013\/11\/angbat-i-ystad-hamn.jpg\" alt=\"angbat i ystad hamn\" width=\"454\" height=\"296\" srcset=\"https:\/\/ystadsjohistoriska.se\/wp-content\/uploads\/2013\/11\/angbat-i-ystad-hamn.jpg 454w, https:\/\/ystadsjohistoriska.se\/wp-content\/uploads\/2013\/11\/angbat-i-ystad-hamn-300x195.jpg 300w\" sizes=\"(max-width: 454px) 100vw, 454px\" \/><\/a><\/p>\n<p style=\"text-align: center;\"><em>1879 revs \u00e4ven den yttre tr\u00e4fyren och ersattes av en j\u00e4rnfyr som tidigare st\u00e5tt p\u00e5 S\u00f6derstj\u00e4rna i Blekinge.<br \/>\nDen flyttades till den nybyggda v\u00e4stra v\u00e5gbrytaren 1934.<\/em><\/p>\n<p>B\u00e5da fyrarna lyste med fotogenljus fram till 1922, d\u00e5 AGA-belysning installerades.<br \/>\nFyrarna elektrifierades 1939. Den inre fyren var i tj\u00e4nst fram till 1975 d\u00e5 den sl\u00e4cktes f\u00f6r gott. Den \u00e4r i dag ett statligt byggnadsminne.<\/p>\n<p>&nbsp;<\/p>\n<p><strong>F\u00f6r den riktigt intresserade:<\/strong><\/p>\n<p>Fyren kostade 14 936 riksdaler att bygga 1865.<br \/>\nLinsapparaten \u00e4r av 4:e ordningen (vilket anger storleken p\u00e5 linsen). Fyrapparaten har visat vitt fast sken. Den best\u00e5r av tv\u00e5 linsfack vardera om 90 grader, inneh\u00e5llande katadioptrisk krona (5 ringar), trumma och krans (3 ringar) samt br\u00e4nnare f\u00f6r lysgas. F\u00f6rbrukningen var 110 l\/tim. \u00c5r 1922 modifierades fyren med en AGA KMF-130 samt tryckregulator, solventil och ett antal gasbeh\u00e5llare, och fyrkarakt\u00e4rer och ljusstyrkor \u00e4ndrades till snabb-blixtsken med 60 blixtar i minuten och en ljusstyrka p\u00e5 1300 Hefnerljus. \u00c5r 1922 kompletterades linsen med en sf\u00e4risk spegelreflektor. Karakt\u00e4ren \u00e4ndrades till en period av 1,5 sek och ljusstyrkan \u00f6kades till 2000 Hefnerljus.<\/p>\n<p>1939 elektrifierades fyren och en elklippapparat av typen EKED-160 installerades. Fyren f\u00f6rs\u00e5gs med en 60-wattslampa och matades med 220 volt. 1960 \u00f6kades ljusstyrkan till 3000 Hefnerljus.<\/p>\n<p><strong>Ystad Sjohistoriskas Gjorda studiebes\u00f6k genom \u00e5ren:<\/strong><\/p>\n<ul>\n<li>\n<h3 data-start=\"199\" data-end=\"221\">Fyrar och fyrskepp<\/h3>\n<ul data-start=\"222\" data-end=\"557\">\n<li data-start=\"222\" data-end=\"279\">\n<p data-start=\"224\" data-end=\"279\"><strong data-start=\"224\" data-end=\"245\">Fyrskeppet ELBE 1<\/strong>, Cuxhaven (\u00f6vernattning ombord)<\/p>\n<\/li>\n<li data-start=\"280\" data-end=\"334\">\n<p data-start=\"282\" data-end=\"334\"><strong data-start=\"282\" data-end=\"302\">Sandhammaren Fyr<\/strong> och <strong data-start=\"307\" data-end=\"332\">R\u00e4ddningsstation (RS)<\/strong><\/p>\n<\/li>\n<li data-start=\"335\" data-end=\"368\">\n<p data-start=\"337\" data-end=\"368\"><strong data-start=\"337\" data-end=\"354\">Falsterbo Fyr<\/strong> (fr\u00e5n 1796)<\/p>\n<\/li>\n<li data-start=\"369\" data-end=\"385\">\n<p data-start=\"371\" data-end=\"385\"><strong data-start=\"371\" data-end=\"383\">Han\u00f6 Fyr<\/strong><\/p>\n<\/li>\n<li data-start=\"386\" data-end=\"416\">\n<p data-start=\"388\" data-end=\"416\"><strong data-start=\"388\" data-end=\"404\">Hammeren Fyr<\/strong>, Bornholm<\/p>\n<\/li>\n<li data-start=\"417\" data-end=\"446\">\n<p data-start=\"419\" data-end=\"446\"><strong data-start=\"419\" data-end=\"434\">Dueodde Fyr<\/strong>, Bornholm<\/p>\n<\/li>\n<li data-start=\"447\" data-end=\"478\">\n<p data-start=\"449\" data-end=\"478\"><strong data-start=\"449\" data-end=\"467\">Nakkehoved Fyr<\/strong>, Danmark<\/p>\n<\/li>\n<li data-start=\"479\" data-end=\"498\">\n<p data-start=\"481\" data-end=\"498\"><strong data-start=\"481\" data-end=\"496\">Kullens Fyr<\/strong><\/p>\n<\/li>\n<li data-start=\"499\" data-end=\"521\">\n<p data-start=\"501\" data-end=\"521\"><strong data-start=\"501\" data-end=\"519\">Malm\u00f6 Inre Fyr<\/strong><\/p>\n<\/li>\n<li data-start=\"522\" data-end=\"557\">\n<p data-start=\"524\" data-end=\"557\"><strong data-start=\"524\" data-end=\"540\">Polska Fyrar<\/strong>, 2-dagars resa<\/p>\n<\/li>\n<\/ul>\n<h3 data-start=\"559\" data-end=\"587\">Museer och utst\u00e4llningar<\/h3>\n<ul data-start=\"588\" data-end=\"903\">\n<li data-start=\"588\" data-end=\"615\">\n<p data-start=\"590\" data-end=\"615\"><strong data-start=\"590\" data-end=\"613\">Hamburgs Hamnmuseum<\/strong><\/p>\n<\/li>\n<li data-start=\"616\" data-end=\"647\">\n<p data-start=\"618\" data-end=\"647\"><strong data-start=\"618\" data-end=\"634\">Malm\u00f6 Museum<\/strong> \u2013 U-b\u00e5t U3<\/p>\n<\/li>\n<li data-start=\"648\" data-end=\"681\">\n<p data-start=\"650\" data-end=\"681\"><strong data-start=\"650\" data-end=\"679\">Trelleborg Sj\u00f6fartsmuseum<\/strong><\/p>\n<\/li>\n<li data-start=\"682\" data-end=\"714\">\n<p data-start=\"684\" data-end=\"714\"><strong data-start=\"684\" data-end=\"712\">Skillinge Sj\u00f6fartsmuseum<\/strong><\/p>\n<\/li>\n<li data-start=\"715\" data-end=\"759\">\n<p data-start=\"717\" data-end=\"759\"><strong data-start=\"717\" data-end=\"746\">Branteviks Sj\u00f6fartsmuseum<\/strong> \u2013 <em data-start=\"749\" data-end=\"757\">Hoppet<\/em><\/p>\n<\/li>\n<li data-start=\"760\" data-end=\"786\">\n<p data-start=\"762\" data-end=\"786\"><strong data-start=\"762\" data-end=\"784\">R\u00e5\u00e5 Sj\u00f6fartsmuseum<\/strong><\/p>\n<\/li>\n<li data-start=\"787\" data-end=\"827\">\n<p data-start=\"789\" data-end=\"827\"><strong data-start=\"789\" data-end=\"814\">M\/S Museum for S\u00f8fart<\/strong>, Helsing\u00f8r<\/p>\n<\/li>\n<li data-start=\"828\" data-end=\"859\">\n<p data-start=\"830\" data-end=\"859\"><strong data-start=\"830\" data-end=\"845\">Bremerhaven<\/strong> \u2013 U-b\u00e5t U23<\/p>\n<\/li>\n<li data-start=\"860\" data-end=\"903\">\n<p data-start=\"862\" data-end=\"903\"><strong data-start=\"862\" data-end=\"876\">AGA Museum<\/strong>, Gustav Dal\u00e9n, Stenstorp<\/p>\n<\/li>\n<\/ul>\n<h3 data-start=\"905\" data-end=\"939\">F\u00f6rel\u00e4sningar och specialbes\u00f6k<\/h3>\n<ul data-start=\"940\" data-end=\"1214\">\n<li data-start=\"940\" data-end=\"996\">\n<p data-start=\"942\" data-end=\"996\">F\u00f6rel\u00e4sning om <strong data-start=\"957\" data-end=\"972\">kusterosion<\/strong> \u2013 Hans Hansson &amp; Mats<\/p>\n<\/li>\n<li data-start=\"997\" data-end=\"1040\">\n<p data-start=\"999\" data-end=\"1040\"><strong data-start=\"999\" data-end=\"1038\">Jubileumsk\u00e5seri av Ewa-Gun Westford<\/strong><\/p>\n<\/li>\n<li data-start=\"1041\" data-end=\"1091\">\n<p data-start=\"1043\" data-end=\"1091\"><strong data-start=\"1043\" data-end=\"1059\">KSRR p\u00e5 Asp\u00f6<\/strong> (Kuststation\/R\u00e4ddningstj\u00e4nst)<\/p>\n<\/li>\n<li data-start=\"1092\" data-end=\"1138\">\n<p data-start=\"1094\" data-end=\"1138\"><strong data-start=\"1094\" data-end=\"1118\">OXA Kustradiostation<\/strong>, K\u00f6penhamn (1911)<\/p>\n<\/li>\n<li data-start=\"1139\" data-end=\"1186\">\n<p data-start=\"1141\" data-end=\"1186\"><strong data-start=\"1141\" data-end=\"1163\">Mastodontpressarna<\/strong> p\u00e5 S\u00f6dra Dragongatan<\/p>\n<\/li>\n<li data-start=\"1187\" data-end=\"1214\">\n<p data-start=\"1189\" data-end=\"1214\"><strong data-start=\"1189\" data-end=\"1203\">Stevnsfort<\/strong>, Danmark<\/p>\n<\/li>\n<\/ul>\n<h3 data-start=\"1216\" data-end=\"1232\">B\u00e5tutflykter<\/h3>\n<ul data-start=\"1233\" data-end=\"1321\">\n<li data-start=\"1233\" data-end=\"1279\">\n<p data-start=\"1235\" data-end=\"1279\"><strong data-start=\"1235\" data-end=\"1277\">K\u00f6penhamns hamn-sightseeing i egen b\u00e5t<\/strong><\/p>\n<\/li>\n<li data-start=\"1280\" data-end=\"1321\">\n<p data-start=\"1282\" data-end=\"1321\"><strong data-start=\"1282\" data-end=\"1297\">DieselHouse<\/strong>, K\u00f6penhamn (bes\u00f6k x2)<\/p>\n<\/li>\n<\/ul>\n<\/li>\n<\/ul>\n","protected":false},"excerpt":{"rendered":"<p>F\u00f6re mitten av 1800-talet fanns det inte mycket nautiska hj\u00e4lpmedel i hamnen. Postverket som trafikerade str\u00e4ckan Stralsund \u2013 Ystad hade tv\u00e5 lyktor som t\u00e4ndes i samband med postb\u00e5tens ankomst, men eftersom lyktorna kunde f\u00f6rv\u00e4xlas med andra ljus s\u00e5 beg\u00e4rde man<span class=\"ellipsis\">&hellip;<\/span><\/p>\n<div class=\"read-more\"><a href=\"https:\/\/ystadsjohistoriska.se\/?page_id=228\">L\u00e4s mer &#8250;<\/a><\/div>\n<p><!-- end of .read-more --><\/p>\n","protected":false},"author":2,"featured_media":0,"parent":65,"menu_order":0,"comment_status":"closed","ping_status":"closed","template":"full-width-page.php","meta":{"footnotes":""},"_links":{"self":[{"href":"https:\/\/ystadsjohistoriska.se\/index.php?rest_route=\/wp\/v2\/pages\/228"}],"collection":[{"href":"https:\/\/ystadsjohistoriska.se\/index.php?rest_route=\/wp\/v2\/pages"}],"about":[{"href":"https:\/\/ystadsjohistoriska.se\/index.php?rest_route=\/wp\/v2\/types\/page"}],"author":[{"embeddable":true,"href":"https:\/\/ystadsjohistoriska.se\/index.php?rest_route=\/wp\/v2\/users\/2"}],"replies":[{"embeddable":true,"href":"https:\/\/ystadsjohistoriska.se\/index.php?rest_route=%2Fwp%2Fv2%2Fcomments&post=228"}],"version-history":[{"count":14,"href":"https:\/\/ystadsjohistoriska.se\/index.php?rest_route=\/wp\/v2\/pages\/228\/revisions"}],"predecessor-version":[{"id":534,"href":"https:\/\/ystadsjohistoriska.se\/index.php?rest_route=\/wp\/v2\/pages\/228\/revisions\/534"}],"up":[{"embeddable":true,"href":"https:\/\/ystadsjohistoriska.se\/index.php?rest_route=\/wp\/v2\/pages\/65"}],"wp:attachment":[{"href":"https:\/\/ystadsjohistoriska.se\/index.php?rest_route=%2Fwp%2Fv2%2Fmedia&parent=228"}],"curies":[{"name":"wp","href":"https:\/\/api.w.org\/{rel}","templated":true}]}}