{"id":27,"date":"2013-10-13T15:32:32","date_gmt":"2013-10-13T13:32:32","guid":{"rendered":"http:\/\/ystadsjohistoriska.se\/?page_id=27"},"modified":"2025-04-27T16:35:15","modified_gmt":"2025-04-27T14:35:15","slug":"bli-medlem","status":"publish","type":"page","link":"https:\/\/ystadsjohistoriska.se\/?page_id=27","title":{"rendered":"Medlem"},"content":{"rendered":"<h3 class=\"\" data-start=\"77\" data-end=\"126\">Bli medlem i Sj\u00f6historiska F\u00f6reningen i Ystad<\/h3>\n<p class=\"\" data-start=\"128\" data-end=\"361\">Sj\u00f6historiska F\u00f6reningen i Ystad v\u00e4lkomnar medlemmar i alla \u00e5ldrar!<br data-start=\"195\" data-end=\"198\" \/>Genom att bli medlem st\u00f6djer du v\u00e5rt arbete med att bevara och lyfta fram Ystads rika sj\u00f6fartshistoria. Du v\u00e4ljer sj\u00e4lv hur mycket eller lite du vill engagera dig.<\/p>\n<p class=\"\" data-start=\"363\" data-end=\"397\"><strong data-start=\"363\" data-end=\"397\">Som medlem f\u00e5r du bland annat:<\/strong><\/p>\n<ul data-start=\"398\" data-end=\"713\">\n<li class=\"\" data-start=\"398\" data-end=\"459\">\n<p class=\"\" data-start=\"400\" data-end=\"459\">Fritt intr\u00e4de till fyren och pegeltornet vid v\u00e5ra visningar<\/p>\n<\/li>\n<li class=\"\" data-start=\"460\" data-end=\"500\">\n<p class=\"\" data-start=\"462\" data-end=\"500\">Inbjudningar till intressanta f\u00f6redrag<\/p>\n<\/li>\n<li class=\"\" data-start=\"501\" data-end=\"549\">\n<p class=\"\" data-start=\"503\" data-end=\"549\">M\u00f6jlighet att ta del av sj\u00f6historiska artiklar<\/p>\n<\/li>\n<li class=\"\" data-start=\"550\" data-end=\"633\">\n<p class=\"\" data-start=\"552\" data-end=\"633\">Informationsblad om f\u00f6reningens aktiviteter, som skickas ut ett par g\u00e5nger per \u00e5r<\/p>\n<\/li>\n<li class=\"\" data-start=\"634\" data-end=\"713\">\n<p class=\"\" data-start=\"636\" data-end=\"713\">Erbjudanden om att delta i sj\u00f6fartshistoriska utflykter i Sverige och Danmark<\/p>\n<\/li>\n<\/ul>\n<p class=\"\" data-start=\"715\" data-end=\"772\"><strong data-start=\"715\" data-end=\"751\">Medlemsavgiften \u00e4r 200 kr per \u00e5r<\/strong><br data-start=\"751\" data-end=\"754\" \/>Betala enkelt via:<\/p>\n<ul data-start=\"773\" data-end=\"880\">\n<li class=\"\" data-start=\"773\" data-end=\"799\">\n<p class=\"\" data-start=\"775\" data-end=\"799\"><strong data-start=\"775\" data-end=\"788\">Bankgiro:<\/strong> 511-9979<\/p>\n<\/li>\n<li class=\"\" data-start=\"800\" data-end=\"880\">\n<p class=\"\" data-start=\"802\" data-end=\"880\"><strong data-start=\"802\" data-end=\"812\">Swish:<\/strong> 123 072 4666<br data-start=\"825\" data-end=\"828\" \/>(V\u00e4nligen ange namn och e-postadress vid betalning.)<\/p>\n<\/li>\n<\/ul>\n<p class=\"\" data-start=\"882\" data-end=\"959\">F\u00f6r fr\u00e5gor eller mer information, kontakta oss p\u00e5:<br data-start=\"932\" data-end=\"935\" \/>\ud83d\udce7 <strong data-start=\"938\" data-end=\"959\"><a rel=\"noopener\" data-start=\"940\" data-end=\"957\">fystad8@gmail.com<\/a><\/strong><\/p>\n<p class=\"\" data-start=\"961\" data-end=\"990\"><strong data-start=\"961\" data-end=\"990\">Varmt v\u00e4lkommen till oss!<\/strong><\/p>\n","protected":false},"excerpt":{"rendered":"<p>Bli medlem i Sj\u00f6historiska F\u00f6reningen i Ystad Sj\u00f6historiska F\u00f6reningen i Ystad v\u00e4lkomnar medlemmar i alla \u00e5ldrar!Genom att bli medlem st\u00f6djer du v\u00e5rt arbete med att bevara och lyfta fram Ystads rika sj\u00f6fartshistoria. Du v\u00e4ljer sj\u00e4lv hur mycket eller lite du<span class=\"ellipsis\">&hellip;<\/span><\/p>\n<div class=\"read-more\"><a href=\"https:\/\/ystadsjohistoriska.se\/?page_id=27\">L\u00e4s mer &#8250;<\/a><\/div>\n<p><!-- end of .read-more --><\/p>\n","protected":false},"author":2,"featured_media":0,"parent":0,"menu_order":0,"comment_status":"closed","ping_status":"closed","template":"full-width-page.php","meta":{"footnotes":""},"_links":{"self":[{"href":"https:\/\/ystadsjohistoriska.se\/index.php?rest_route=\/wp\/v2\/pages\/27"}],"collection":[{"href":"https:\/\/ystadsjohistoriska.se\/index.php?rest_route=\/wp\/v2\/pages"}],"about":[{"href":"https:\/\/ystadsjohistoriska.se\/index.php?rest_route=\/wp\/v2\/types\/page"}],"author":[{"embeddable":true,"href":"https:\/\/ystadsjohistoriska.se\/index.php?rest_route=\/wp\/v2\/users\/2"}],"replies":[{"embeddable":true,"href":"https:\/\/ystadsjohistoriska.se\/index.php?rest_route=%2Fwp%2Fv2%2Fcomments&post=27"}],"version-history":[{"count":14,"href":"https:\/\/ystadsjohistoriska.se\/index.php?rest_route=\/wp\/v2\/pages\/27\/revisions"}],"predecessor-version":[{"id":514,"href":"https:\/\/ystadsjohistoriska.se\/index.php?rest_route=\/wp\/v2\/pages\/27\/revisions\/514"}],"wp:attachment":[{"href":"https:\/\/ystadsjohistoriska.se\/index.php?rest_route=%2Fwp%2Fv2%2Fmedia&parent=27"}],"curies":[{"name":"wp","href":"https:\/\/api.w.org\/{rel}","templated":true}]}}