{"id":65,"date":"2013-11-10T10:24:21","date_gmt":"2013-11-10T09:24:21","guid":{"rendered":"http:\/\/ystadsjohistoriska.se\/?page_id=65"},"modified":"2025-04-27T16:55:22","modified_gmt":"2025-04-27T14:55:22","slug":"historia","status":"publish","type":"page","link":"https:\/\/ystadsjohistoriska.se\/?page_id=65","title":{"rendered":"F\u00f6reningens Historia"},"content":{"rendered":"<p class=\"\" data-start=\"103\" data-end=\"478\">\u00c5r 2013 betalade Ystads kommun en symbolisk krona till Sj\u00f6fartsverket f\u00f6r att \u00f6verta b\u00e5de fyren och pegeltornet i Ystad. F\u00f6reningen tog d\u00e5 initiativ till att bevara och restaurera dessa historiska byggnader och tog p\u00e5 sig ansvaret f\u00f6r restaureringsarbetet. Sedan 2015 har vi varje sommar v\u00e4lkomnat allm\u00e4nheten f\u00f6r visningar och ber\u00e4ttelser om fyren och mareografens historia.<\/p>\n<p class=\"\" data-start=\"480\" data-end=\"679\">Fyren \u00e4r en s\u00e5 kallad ledljusfyr. Tillsammans med en l\u00e4gre fyr placerad p\u00e5 en av pirarmarna hj\u00e4lpte den fartyg att navigera r\u00e4tt genom att h\u00e5lla fyrljusen i linje (&#8221;i ens&#8221;) vid insegling till hamnen.<\/p>\n<p class=\"\" data-start=\"681\" data-end=\"1013\">Den ursprungliga fyren byggdes 1855, n\u00e5gra meter v\u00e4ster om nuvarande \u00d6sterleden, i n\u00e4rheten av det gamla tingshuset. Samma \u00e5r uppf\u00f6rde dock j\u00e4rnv\u00e4gen ett godsmagasin s\u00f6der om fyren, vilket skymde ljuset mot havet. Fyren fick d\u00e4rf\u00f6r snabbt flyttas cirka 50 meter s\u00f6derut, till sin nuvarande plats. Godsmagasinet \u00e4r sedan l\u00e4nge rivet.<\/p>\n<p class=\"\" data-start=\"1015\" data-end=\"1117\">Vid denna tid fanns ingen telefon i Ystad \u2013 all kommunikation skedde antingen muntligt eller via brev.<\/p>\n<p class=\"\" data-start=\"1119\" data-end=\"1365\">Fyren var ursprungligen f\u00f6rsedd med en elektrisk lampa, men p\u00e5 grund av op\u00e5litliga elleveranser installerades \u00e4ven lysgas som reserv. Vid str\u00f6mavbrott t\u00e4ndes fyrljuset automatiskt med gas. All utrustning i fyren \u00e4r av det v\u00e4lk\u00e4nda fabrikatet AGA.<\/p>\n\n\n<figure class=\"wp-block-image size-large\"><a href=\"https:\/\/ystadsjohistoriska.se\/wp-content\/uploads\/2025\/04\/66540692783__9CABB96F-543E-4E1C-91D9-8A7431BB9C2C-1-rotated.jpg\"><img decoding=\"async\" loading=\"lazy\" width=\"2016\" height=\"1512\" src=\"https:\/\/ystadsjohistoriska.se\/wp-content\/uploads\/2025\/04\/66540692783__9CABB96F-543E-4E1C-91D9-8A7431BB9C2C-1-edited-1.jpg\" alt=\"\" class=\"wp-image-528\" srcset=\"https:\/\/ystadsjohistoriska.se\/wp-content\/uploads\/2025\/04\/66540692783__9CABB96F-543E-4E1C-91D9-8A7431BB9C2C-1-edited-1.jpg 2016w, https:\/\/ystadsjohistoriska.se\/wp-content\/uploads\/2025\/04\/66540692783__9CABB96F-543E-4E1C-91D9-8A7431BB9C2C-1-edited-1-300x225.jpg 300w, https:\/\/ystadsjohistoriska.se\/wp-content\/uploads\/2025\/04\/66540692783__9CABB96F-543E-4E1C-91D9-8A7431BB9C2C-1-edited-1-1024x768.jpg 1024w, https:\/\/ystadsjohistoriska.se\/wp-content\/uploads\/2025\/04\/66540692783__9CABB96F-543E-4E1C-91D9-8A7431BB9C2C-1-edited-1-768x576.jpg 768w, https:\/\/ystadsjohistoriska.se\/wp-content\/uploads\/2025\/04\/66540692783__9CABB96F-543E-4E1C-91D9-8A7431BB9C2C-1-edited-1-1536x1152.jpg 1536w\" sizes=\"(max-width: 2016px) 100vw, 2016px\" \/><\/a><\/figure>\n","protected":false},"excerpt":{"rendered":"<p>\u00c5r 2013 betalade Ystads kommun en symbolisk krona till Sj\u00f6fartsverket f\u00f6r att \u00f6verta b\u00e5de fyren och pegeltornet i Ystad. F\u00f6reningen tog d\u00e5 initiativ till att bevara och restaurera dessa historiska byggnader och tog p\u00e5 sig ansvaret f\u00f6r restaureringsarbetet. Sedan 2015<span class=\"ellipsis\">&hellip;<\/span><\/p>\n<div class=\"read-more\"><a href=\"https:\/\/ystadsjohistoriska.se\/?page_id=65\">L\u00e4s mer &#8250;<\/a><\/div>\n<p><!-- end of .read-more --><\/p>\n","protected":false},"author":2,"featured_media":0,"parent":0,"menu_order":0,"comment_status":"closed","ping_status":"closed","template":"full-width-page.php","meta":{"footnotes":""},"_links":{"self":[{"href":"https:\/\/ystadsjohistoriska.se\/index.php?rest_route=\/wp\/v2\/pages\/65"}],"collection":[{"href":"https:\/\/ystadsjohistoriska.se\/index.php?rest_route=\/wp\/v2\/pages"}],"about":[{"href":"https:\/\/ystadsjohistoriska.se\/index.php?rest_route=\/wp\/v2\/types\/page"}],"author":[{"embeddable":true,"href":"https:\/\/ystadsjohistoriska.se\/index.php?rest_route=\/wp\/v2\/users\/2"}],"replies":[{"embeddable":true,"href":"https:\/\/ystadsjohistoriska.se\/index.php?rest_route=%2Fwp%2Fv2%2Fcomments&post=65"}],"version-history":[{"count":53,"href":"https:\/\/ystadsjohistoriska.se\/index.php?rest_route=\/wp\/v2\/pages\/65\/revisions"}],"predecessor-version":[{"id":529,"href":"https:\/\/ystadsjohistoriska.se\/index.php?rest_route=\/wp\/v2\/pages\/65\/revisions\/529"}],"wp:attachment":[{"href":"https:\/\/ystadsjohistoriska.se\/index.php?rest_route=%2Fwp%2Fv2%2Fmedia&parent=65"}],"curies":[{"name":"wp","href":"https:\/\/api.w.org\/{rel}","templated":true}]}}